{"id":88827,"date":"2021-03-19T11:24:36","date_gmt":"2021-03-19T10:24:36","guid":{"rendered":"https:\/\/undsgn.com\/uncode\/?page_id=88827"},"modified":"2021-11-25T13:25:03","modified_gmt":"2021-11-25T12:25:03","slug":"buying-in-switzerland","status":"publish","type":"page","link":"https:\/\/frozenaction.ch\/fr\/buying-in-switzerland\/","title":{"rendered":"Acheter en Suisse"},"content":{"rendered":"<div class=\"wpb-content-wrapper\"><div data-parent=\"true\" class=\"vc_row row-container\" id=\"row-unique-0\"><div class=\"row-background background-element\">\n\t\t\t\t\t\t\t\t\t\t\t<div class=\"background-wrapper\">\n\t\t\t\t\t\t\t\t\t\t\t\t<div class=\"background-inner\" style=\"background-image: url(https:\/\/frozenaction.ch\/wp-content\/uploads\/2021\/11\/srlz1ttsn5i.jpg);background-repeat: no-repeat;background-position: center center;background-attachment: scroll;background-size: cover;\"><\/div>\n\t\t\t\t\t\t\t\t\t\t\t\t<div class=\"block-bg-overlay style-color-jevc-bg\" style=\"opacity: 0.5;\"><\/div>\n\t\t\t\t\t\t\t\t\t\t\t<\/div>\n\t\t\t\t\t\t\t\t\t\t<\/div><div class=\"row col-double-gutter exa-top-padding exa-bottom-padding single-h-padding limit-width row-parent\"><div class=\"wpb_row row-inner\"><div class=\"wpb_column pos-top pos-center align_left column_parent col-lg-3 tablet-hidden mobile-hidden single-internal-gutter\"><div class=\"uncol style-spec style-dark\"  ><div class=\"uncoltable\"><div class=\"uncell no-block-padding\" ><div class=\"uncont\" ><\/div><\/div><\/div><\/div><\/div><div class=\"wpb_column pos-top pos-center align_left column_parent col-lg-9 single-internal-gutter\"><div class=\"uncol style-spec style-dark\"  ><div class=\"uncoltable\"><div class=\"uncell no-block-padding\" ><div class=\"uncont\" ><div class=\"vc_custom_heading_wrap\"><div class=\"heading-text el-text\" ><h1 class=\"fontsize-155944 fontheight-357766 font-weight-400\" ><span>Guide pour acheter en Suisse<\/span><\/h1><\/div><div class=\"clear\"><\/div><\/div><\/div><\/div><\/div><\/div><\/div><script id=\"script-row-unique-0\" data-row=\"script-row-unique-0\" type=\"text\/javascript\" class=\"vc_controls\">UNCODE.initRow(document.getElementById(\"row-unique-0\"));<\/script><\/div><\/div><\/div><div data-parent=\"true\" class=\"vc_row row-container\" id=\"row-unique-1\"><div class=\"row col-double-gutter double-top-padding double-bottom-padding single-h-padding limit-width row-parent\"><div class=\"wpb_row row-inner\"><div class=\"wpb_column pos-top pos-center align_left column_parent col-lg-3 tablet-hidden mobile-hidden single-internal-gutter\"><div class=\"uncol style-light\"  ><div class=\"uncoltable\"><div class=\"uncell no-block-padding\" ><div class=\"uncont\" ><\/div><\/div><\/div><\/div><\/div><div class=\"wpb_column pos-top pos-center align_left column_parent col-lg-6 single-internal-gutter\"><div class=\"uncol style-light font-175345\"  ><div class=\"uncoltable\"><div class=\"uncell no-block-padding\" ><div class=\"uncont\" ><div class=\"vc_custom_heading_wrap\"><div class=\"heading-text el-text\" ><h2 class=\"h3 fontheight-357766 font-weight-400\" ><span>Pourquoi acheter \u00e0 Grimentz maintenant ?<\/span><\/h2><\/div><div class=\"clear\"><\/div><\/div><div class=\"uncode_text_column\" ><p class=\"translation-block\">Grimentz est un village plein de charme, avec une vue panoramique sur les Alpes Suisses, des hivers avec neige garantie pour le ski et de longs \u00e9t\u00e9 ensoleill\u00e9s. Le c\u0153ur du vieux village datant du 15\u00e8me si\u00e8cle est parfaitement conserv\u00e9 ; c\u2019est s\u00fbrement pour tous ces atouts que Grimentz est souvent \u00e9lue l\u2019une des plus charmantes stations de Suisse.<\/p>\n<p>En tant que destination touristique 4 saisons, elle offre en hiver de nombreuses possibilit\u00e9s de skier pour les familles, de ski de randonn\u00e9e et de ski hors-pistes. M\u00eame l\u2019H\u00e9liski est praticable avec un h\u00e9liport dans la station, point de d\u00e9part pour acc\u00e9der \u00e0 de superbes descentes dans les alentours. En \u00e9t\u00e9, il y a des centaines de kilom\u00e8tres de randonn\u00e9es et de VTT \u00e0 explorer, des cabanes de montagne \u00e0 visiter, de nombreux vins \u00e0 d\u00e9guster ainsi que de nombreuses autres activit\u00e9s \u00e0 d\u00e9couvrir comme la via ferrata, l\u2019escalade et l\u2019alpinisme. Le charme du village vient aussi de la bonne conservation des chalets anciens par\u00e9s de g\u00e9raniums, des march\u00e9s avec des produits du terroirs et des artistes locaux, des d\u00e9gustations de vins et des visites culturelle organis\u00e9es.<\/p>\n<p>C\u2019est pour tout cela que c\u2019est le moment d\u2019investir dans la station.  Bien que la station soit encore relativement peu connue, Grimentz se fait progressivement conna\u00eetre depuis quelques ann\u00e9es et poursuit son d\u00e9veloppement de mani\u00e8re r\u00e9guli\u00e8re. Ainsi les investissements pr\u00e9vus par la soci\u00e9t\u00e9 des Remont\u00e9es M\u00e9caniques pour les prochaines ann\u00e9es sont importants comme de nouveaux restaurants, l\u2019am\u00e9lioration des infrastructures et de l\u2019enneigement artificiel afin d\u2019am\u00e9liorer le magnifique domaine skiable. De plus dans le village, d\u2019ici 3 \u00e0 5 ans, des bains thermaux, un h\u00f4tels 4 \u00e9toiles et 4 ou 5 nouveaux restaurants vont venir agrandir l\u2019offre touristique de la station.<\/p>\n<p>Pour finir, l\u2019entr\u00e9e en vigueur de la nouvelle loi sur l\u2019interdiction de construire de nouvelles r\u00e9sidences secondaires en Suisse (voir explications ci-apr\u00e8s) signifie que dans les ann\u00e9es \u00e0 venir le nombre de propri\u00e9t\u00e9s \u00e0 vendre va devenir limit\u00e9 et concern\u00e9 uniquement des reventes de biens. Il y aura donc peu d\u2019offres.<\/p>\n<\/div><\/div><\/div><\/div><\/div><\/div><div class=\"wpb_column pos-top pos-center align_left column_parent col-lg-3 tablet-hidden mobile-hidden single-internal-gutter\"><div class=\"uncol style-light\"  ><div class=\"uncoltable\"><div class=\"uncell no-block-padding\" ><div class=\"uncont\" ><\/div><\/div><\/div><\/div><\/div><script id=\"script-row-unique-1\" data-row=\"script-row-unique-1\" type=\"text\/javascript\" class=\"vc_controls\">UNCODE.initRow(document.getElementById(\"row-unique-1\"));<\/script><\/div><\/div><\/div><div data-parent=\"true\" class=\"vc_row row-container has-dividers\" id=\"row-unique-2\"><div class=\"uncode-divider-wrap uncode-divider-wrap-top z_index_0 uncode-divider-flip\" style=\"height: 100%;\" data-height=\"100\" data-unit=\"%\"><svg version=\"1.1\" class=\"uncode-row-divider uncode-row-divider-step_2_3\" x=\"0px\" y=\"0px\" width=\"240px\" height=\"24px\" viewbox=\"0 0 240 24\" enable-background=\"new 0 0 240 24\" xml:space=\"preserve\" preserveaspectratio=\"none\">\n\t\t<path fill=\"#f7f7f7\" d=\"M0,0v24h160V0H0z\"\/>\n\t\t<\/svg><\/div><div class=\"row col-double-gutter quad-top-padding quad-bottom-padding double-h-padding full-width row-parent\"><div class=\"wpb_row row-inner\"><div class=\"wpb_column pos-middle pos-center align_left column_parent col-lg-7 col-md-66 single-internal-gutter\"><div class=\"uncol style-light\"  ><div class=\"uncoltable\"><div class=\"uncell no-block-padding    parallax-el\" data-rellax-speed=\"1\"><div class=\"uncont\" ><div class=\"uncode-single-media  text-left\"><div class=\"single-wrapper\" style=\"max-width: 100%;\"><div class=\"tmb tmb-light  tmb-img-ratio tmb-media-first tmb-media-last tmb-content-overlay tmb-no-bg\"><div class=\"t-inside\"><div class=\"t-entry-visual\"><div class=\"t-entry-visual-tc\"><div class=\"uncode-single-media-wrapper\"><div class=\"dummy\" style=\"padding-top: 100%;\"><\/div><img decoding=\"async\" class=\"wp-image-101303\" src=\"https:\/\/frozenaction.ch\/wp-content\/uploads\/2021\/11\/lmvufeqjulw-uai-900x900.jpg\" width=\"900\" height=\"900\" alt=\"\"><\/div>\n\t\t\t\t\t<\/div>\n\t\t\t\t<\/div><\/div><\/div><\/div><\/div><\/div><\/div><\/div><\/div><\/div><div class=\"wpb_column pos-middle pos-center align_left column_parent col-lg-5 col-md-33 single-internal-gutter\"><div class=\"uncol style-light\"  ><div class=\"uncoltable\"><div class=\"uncell no-block-padding    parallax-el\" data-rellax-percentage=\"0.5\" data-rellax-speed=\"4\"><div class=\"uncont\" ><div class=\"vc_row row-internal row-container\"><div class=\"row row-child\"><div class=\"wpb_row row-inner\"><div class=\"wpb_column pos-top pos-center align_left column_child col-lg-8 single-internal-gutter\"><div class=\"uncol style-light\" ><div class=\"uncoltable\"><div class=\"uncell no-block-padding\" ><div class=\"uncont\" ><div class=\"vc_custom_heading_wrap\"><div class=\"heading-text el-text\" ><h6 class=\"h4 fontheight-357766 font-weight-400\" ><span>Obtenir simplement une r\u00e9sidence secondaire en Suisse.<\/span><\/h6><\/div><div class=\"clear\"><\/div><\/div><\/div><\/div><\/div><\/div><\/div><div class=\"wpb_column pos-top pos-center align_left column_child col-lg-4 tablet-hidden mobile-hidden single-internal-gutter\"><div class=\"uncol style-light\" ><div class=\"uncoltable\"><div class=\"uncell no-block-padding\" ><div class=\"uncont\" ><\/div><\/div><\/div><\/div><\/div><\/div><\/div><\/div><div class=\"uncode-single-media  text-left\"><div class=\"single-wrapper\" style=\"max-width: 100%;\"><div class=\"tmb tmb-light  tmb-img-ratio tmb-media-first tmb-media-last tmb-content-overlay tmb-no-bg\"><div class=\"t-inside\"><div class=\"t-entry-visual\"><div class=\"t-entry-visual-tc\"><div class=\"uncode-single-media-wrapper\"><div class=\"dummy\" style=\"padding-top: 66.7%;\"><\/div><img decoding=\"async\" class=\"wp-image-101305\" src=\"https:\/\/frozenaction.ch\/wp-content\/uploads\/2021\/11\/eb8dmxnogp4.jpg\" width=\"1600\" height=\"1067\" alt=\"brown wooden houses near green trees and mountain under white clouds during daytime\" srcset=\"https:\/\/frozenaction.ch\/wp-content\/uploads\/2021\/11\/eb8dmxnogp4.jpg 1600w, https:\/\/frozenaction.ch\/wp-content\/uploads\/2021\/11\/eb8dmxnogp4-300x200.jpg 300w, https:\/\/frozenaction.ch\/wp-content\/uploads\/2021\/11\/eb8dmxnogp4-1024x683.jpg 1024w, https:\/\/frozenaction.ch\/wp-content\/uploads\/2021\/11\/eb8dmxnogp4-768x512.jpg 768w, https:\/\/frozenaction.ch\/wp-content\/uploads\/2021\/11\/eb8dmxnogp4-1536x1024.jpg 1536w\" sizes=\"(max-width: 1600px) 100vw, 1600px\" \/><\/div>\n\t\t\t\t\t<\/div>\n\t\t\t\t<\/div><\/div><\/div><\/div><\/div><\/div><\/div><\/div><\/div><\/div><script id=\"script-row-unique-2\" data-row=\"script-row-unique-2\" type=\"text\/javascript\" class=\"vc_controls\">UNCODE.initRow(document.getElementById(\"row-unique-2\"));<\/script><\/div><\/div><\/div><div data-parent=\"true\" class=\"vc_row row-container\" id=\"row-unique-3\"><div class=\"row col-double-gutter double-top-padding double-bottom-padding single-h-padding limit-width row-parent\"><div class=\"wpb_row row-inner\"><div class=\"wpb_column pos-top pos-center align_left column_parent col-lg-3 tablet-hidden mobile-hidden single-internal-gutter\"><div class=\"uncol style-light\"  ><div class=\"uncoltable\"><div class=\"uncell no-block-padding\" ><div class=\"uncont\" ><\/div><\/div><\/div><\/div><\/div><div class=\"wpb_column pos-top pos-center align_left column_parent col-lg-6 single-internal-gutter\"><div class=\"uncol style-light font-175345\"  ><div class=\"uncoltable\"><div class=\"uncell no-block-padding\" ><div class=\"uncont\" ><div class=\"vc_custom_heading_wrap\"><div class=\"heading-text el-text\" ><h2 class=\"h3 fontheight-357766 font-weight-400\" ><span>Guide pour acheter en Suisse<\/span><\/h2><\/div><div class=\"clear\"><\/div><\/div><div class=\"uncode_text_column\" ><p>Dans un monde incertain, la Suisse a toujours \u00e9t\u00e9 un pays offrant une grande stabilit\u00e9 ; c\u2019est pourquoi ce pays est tr\u00e8s appr\u00e9ci\u00e9 par les investisseurs \u00e0 la recherche d\u2019un havre de paix. L\u2019\u00e9conomie suisse a bien g\u00e9r\u00e9 les probl\u00e8mes li\u00e9s \u00e0 la pand\u00e9mie du COVID et les taux d\u2019int\u00e9r\u00eats sont actuellement \u00e0 des taux historiquement bas, ce qui rend un investissement sur le long terme tr\u00e8s int\u00e9ressant pour de nombreux acheteurs potentiels.<\/p>\n<\/div><div class=\"vc_custom_heading_wrap\"><div class=\"heading-text el-text\" ><h2 class=\"h3 fontheight-357766 font-weight-400\" ><span>Devenir propri\u00e9taire pour les \u00e9trangers non-r\u00e9sidents<\/span><\/h2><\/div><div class=\"clear\"><\/div><\/div><div class=\"uncode_text_column\" ><p>Les \u00e9trangers non-r\u00e9sidents sont autoris\u00e9s \u00e0 acqu\u00e9rir une r\u00e9sidence secondaire en Suisse. Mais il y a un quota annuel d\u00e9terminant le nombre de personne autoris\u00e9 \u00e0 acheter un bien. Les propri\u00e9taires \u00e9trangers doivent s\u00e9journer dans leur propri\u00e9t\u00e9 minimum 3 semaines par an et ne peuvent pas revendre leur bien pendant les 5 ann\u00e9es suivant la date d\u2019achat.<\/p>\n<p>Le processus d\u2019achat est assez simple en recourant au service d\u2019un seul notaire pour les 2 parties (vendeur et acheteur), qui s\u2019assurera que tous les documents n\u00e9cessaires seront joints \u00e0 l\u2019acte de vente\/achat conform\u00e9ment \u00e0 la loi et que les inscriptions au registre foncier soient faites correctement. Ici en Valais, les frais de notaire \u00e0 payer par l\u2019acheteur du bien et incluant le droit de timbre, correspondent \u00e0 3% du prix d\u2019achat.<\/p>\n<p>Des pr\u00eats hypoth\u00e9caires \u00e0 des taux d\u2019int\u00e9r\u00eats relativement bas, peuvent \u00eatre souscrits aupr\u00e8s des banques locales (actuellement environ 1%). G\u00e9n\u00e9ralement les banques pr\u00eates jusqu\u2019\u00e0 70% du prix d\u2019achat du bien, ou 50% du montant total pour les propri\u00e9t\u00e9s \u00e9valu\u00e9es \u00e0 plus CHF 2.5 millions. De plus, en Suisse, quand vous contracter un pr\u00eat hypoth\u00e9caire, le notaire doit \u00e9tablir un document appel\u00e9 \u201ccautionnement hypoth\u00e9caire\u201d, ce qui vous co\u00fbtera environ 1% de la valeur de l\u2019hypoth\u00e8que.<\/p>\n<\/div><div class=\"vc_custom_heading_wrap\"><div class=\"heading-text el-text\" ><h2 class=\"h3 fontheight-357766 font-weight-400\" ><span>Restrictions relatives aux r\u00e9sidences secondaires<\/span><\/h2><\/div><div class=\"clear\"><\/div><\/div><div class=\"uncode_text_column\" ><p>En 2012, la population Suisse a vot\u00e9 pour restreindre la construction des r\u00e9sidences secondaires : cette loi est applicable aussi bien aux acheteurs Suisses qu\u2019\u00e9trangers. Nous arrivons gentiment \u00e0 la fin de la construction des derniers projets immobiliers qui ont \u00e9t\u00e9 autoris\u00e9s avant l\u2019entr\u00e9e en vigueur de cette nouvelle loi. Apr\u00e8s il ne sera plus possible d\u2019acheter une parcelle de terrain pour y construire un chalet sauf si vous d\u00e9cidez que ce logement sera votre r\u00e9sidence principale.<\/p>\n<p>Cependant, les propri\u00e9t\u00e9s achet\u00e9es comme r\u00e9sidences secondaires peuvent \u00eatre revendues sans restriction.<\/p>\n<\/div><\/div><\/div><\/div><\/div><\/div><div class=\"wpb_column pos-top pos-center align_left column_parent col-lg-3 tablet-hidden mobile-hidden single-internal-gutter\"><div class=\"uncol style-light\"  ><div class=\"uncoltable\"><div class=\"uncell no-block-padding\" ><div class=\"uncont\" ><\/div><\/div><\/div><\/div><\/div><script id=\"script-row-unique-3\" data-row=\"script-row-unique-3\" type=\"text\/javascript\" class=\"vc_controls\">UNCODE.initRow(document.getElementById(\"row-unique-3\"));<\/script><\/div><\/div><\/div><div data-parent=\"true\" class=\"vc_row row-container has-dividers\" id=\"row-unique-4\"><div class=\"uncode-divider-wrap uncode-divider-wrap-top z_index_0\" style=\"height: 100%;\" data-height=\"100\" data-unit=\"%\"><svg version=\"1.1\" class=\"uncode-row-divider uncode-row-divider-step_2_3\" x=\"0px\" y=\"0px\" width=\"240px\" height=\"24px\" viewbox=\"0 0 240 24\" enable-background=\"new 0 0 240 24\" xml:space=\"preserve\" preserveaspectratio=\"none\">\n\t\t<path fill=\"#f7f7f7\" d=\"M0,0v24h160V0H0z\"\/>\n\t\t<\/svg><\/div><div class=\"row col-double-gutter quad-top-padding quad-bottom-padding single-h-padding limit-width row-parent\"><div class=\"wpb_row row-inner\"><div class=\"wpb_column pos-middle pos-center align_left column_parent col-lg-12 single-internal-gutter\"><div class=\"uncol style-light font-175345\"  ><div class=\"uncoltable\"><div class=\"uncell no-block-padding    parallax-el\" data-rellax-percentage=\"0.5\" data-rellax-speed=\"2\"><div class=\"uncont\" ><div class=\"uncode-single-media  text-left\"><div class=\"single-wrapper\" style=\"max-width: 100%;\"><div class=\"tmb tmb-light  tmb-img-ratio tmb-media-first tmb-media-last tmb-content-overlay tmb-no-bg\"><div class=\"t-inside\"><div class=\"t-entry-visual\"><div class=\"t-entry-visual-tc\"><div class=\"uncode-single-media-wrapper\"><div class=\"dummy\" style=\"padding-top: 66.7%;\"><\/div><img decoding=\"async\" class=\"wp-image-101306\" src=\"https:\/\/frozenaction.ch\/wp-content\/uploads\/2021\/11\/fx7oo1_ipda.jpg\" width=\"1600\" height=\"1067\" alt=\"snow covered mountain under cloudy sky during daytime\" srcset=\"https:\/\/frozenaction.ch\/wp-content\/uploads\/2021\/11\/fx7oo1_ipda.jpg 1600w, https:\/\/frozenaction.ch\/wp-content\/uploads\/2021\/11\/fx7oo1_ipda-300x200.jpg 300w, https:\/\/frozenaction.ch\/wp-content\/uploads\/2021\/11\/fx7oo1_ipda-1024x683.jpg 1024w, https:\/\/frozenaction.ch\/wp-content\/uploads\/2021\/11\/fx7oo1_ipda-768x512.jpg 768w, https:\/\/frozenaction.ch\/wp-content\/uploads\/2021\/11\/fx7oo1_ipda-1536x1024.jpg 1536w\" sizes=\"(max-width: 1600px) 100vw, 1600px\" \/><\/div>\n\t\t\t\t\t<\/div>\n\t\t\t\t<\/div><\/div><\/div><\/div><\/div><div  class=\"vertical-text vertical-text--flip vertical-text--right vertical-text--top shift_right_x_single\">D\u00e9couvrez les Alpes suisses  \u2e3b<\/div><\/div><\/div><\/div><\/div><\/div><script id=\"script-row-unique-4\" data-row=\"script-row-unique-4\" type=\"text\/javascript\" class=\"vc_controls\">UNCODE.initRow(document.getElementById(\"row-unique-4\"));<\/script><\/div><\/div><\/div>\n<\/div>","protected":false},"excerpt":{"rendered":"A guide to buying in SwitzerlandWhy buy in Grimentz now ?Grimentz is a village of enormous charm, sweeping alpine views, [...]","protected":false},"author":1,"featured_media":0,"parent":0,"menu_order":0,"comment_status":"closed","ping_status":"closed","template":"","meta":{"footnotes":""},"class_list":["post-88827","page","type-page","status-publish","hentry"],"yoast_head":"<!-- This site is optimized with the Yoast SEO plugin v27.2 - https:\/\/yoast.com\/product\/yoast-seo-wordpress\/ -->\n<title>Buying in Switzerland - Frozen Action<\/title>\n<meta name=\"robots\" content=\"index, follow, max-snippet:-1, max-image-preview:large, max-video-preview:-1\" \/>\n<link rel=\"canonical\" href=\"https:\/\/frozenaction.ch\/fr\/buying-in-switzerland\/\" \/>\n<meta property=\"og:locale\" content=\"fr_FR\" \/>\n<meta property=\"og:type\" content=\"article\" \/>\n<meta property=\"og:title\" content=\"Buying in Switzerland - Frozen Action\" \/>\n<meta property=\"og:url\" content=\"https:\/\/frozenaction.ch\/fr\/buying-in-switzerland\/\" \/>\n<meta property=\"og:site_name\" content=\"Frozen Action\" \/>\n<meta property=\"article:modified_time\" content=\"2021-11-25T12:25:03+00:00\" \/>\n<meta name=\"twitter:card\" content=\"summary_large_image\" \/>\n<meta name=\"twitter:label1\" content=\"Dur\u00e9e de lecture estim\u00e9e\" \/>\n\t<meta name=\"twitter:data1\" content=\"7 minutes\" \/>\n<script type=\"application\/ld+json\" class=\"yoast-schema-graph\">{\"@context\":\"https:\/\/schema.org\",\"@graph\":[{\"@type\":\"WebPage\",\"@id\":\"https:\/\/frozenaction.ch\/en\/buying-in-switzerland\/\",\"url\":\"https:\/\/frozenaction.ch\/en\/buying-in-switzerland\/\",\"name\":\"Buying in Switzerland - Frozen Action\",\"isPartOf\":{\"@id\":\"https:\/\/frozenaction.ch\/en\/#website\"},\"datePublished\":\"2021-03-19T10:24:36+00:00\",\"dateModified\":\"2021-11-25T12:25:03+00:00\",\"breadcrumb\":{\"@id\":\"https:\/\/frozenaction.ch\/en\/buying-in-switzerland\/#breadcrumb\"},\"inLanguage\":\"fr-FR\",\"potentialAction\":[{\"@type\":\"ReadAction\",\"target\":[\"https:\/\/frozenaction.ch\/en\/buying-in-switzerland\/\"]}]},{\"@type\":\"BreadcrumbList\",\"@id\":\"https:\/\/frozenaction.ch\/en\/buying-in-switzerland\/#breadcrumb\",\"itemListElement\":[{\"@type\":\"ListItem\",\"position\":1,\"name\":\"Home\",\"item\":\"https:\/\/frozenaction.ch\/en\/\"},{\"@type\":\"ListItem\",\"position\":2,\"name\":\"Buying in Switzerland\"}]},{\"@type\":\"WebSite\",\"@id\":\"https:\/\/frozenaction.ch\/en\/#website\",\"url\":\"https:\/\/frozenaction.ch\/en\/\",\"name\":\"Frozen Action\",\"description\":\"Property Sales I Property Management I Boutique I Val d&#039;Anniviers I Grimentz\",\"potentialAction\":[{\"@type\":\"SearchAction\",\"target\":{\"@type\":\"EntryPoint\",\"urlTemplate\":\"https:\/\/frozenaction.ch\/en\/?s={search_term_string}\"},\"query-input\":{\"@type\":\"PropertyValueSpecification\",\"valueRequired\":true,\"valueName\":\"search_term_string\"}}],\"inLanguage\":\"fr-FR\"}]}<\/script>\n<!-- \/ Yoast SEO plugin. -->","yoast_head_json":{"title":"Buying in Switzerland - Frozen Action","robots":{"index":"index","follow":"follow","max-snippet":"max-snippet:-1","max-image-preview":"max-image-preview:large","max-video-preview":"max-video-preview:-1"},"canonical":"https:\/\/frozenaction.ch\/fr\/buying-in-switzerland\/","og_locale":"fr_FR","og_type":"article","og_title":"Buying in Switzerland - Frozen Action","og_url":"https:\/\/frozenaction.ch\/fr\/buying-in-switzerland\/","og_site_name":"Frozen Action","article_modified_time":"2021-11-25T12:25:03+00:00","twitter_card":"summary_large_image","twitter_misc":{"Dur\u00e9e de lecture estim\u00e9e":"7 minutes"},"schema":{"@context":"https:\/\/schema.org","@graph":[{"@type":"WebPage","@id":"https:\/\/frozenaction.ch\/en\/buying-in-switzerland\/","url":"https:\/\/frozenaction.ch\/en\/buying-in-switzerland\/","name":"Buying in Switzerland - Frozen Action","isPartOf":{"@id":"https:\/\/frozenaction.ch\/en\/#website"},"datePublished":"2021-03-19T10:24:36+00:00","dateModified":"2021-11-25T12:25:03+00:00","breadcrumb":{"@id":"https:\/\/frozenaction.ch\/en\/buying-in-switzerland\/#breadcrumb"},"inLanguage":"fr-FR","potentialAction":[{"@type":"ReadAction","target":["https:\/\/frozenaction.ch\/en\/buying-in-switzerland\/"]}]},{"@type":"BreadcrumbList","@id":"https:\/\/frozenaction.ch\/en\/buying-in-switzerland\/#breadcrumb","itemListElement":[{"@type":"ListItem","position":1,"name":"Home","item":"https:\/\/frozenaction.ch\/en\/"},{"@type":"ListItem","position":2,"name":"Buying in Switzerland"}]},{"@type":"WebSite","@id":"https:\/\/frozenaction.ch\/en\/#website","url":"https:\/\/frozenaction.ch\/en\/","name":"Frozen Action","description":"Property Sales I Property Management I Boutique I Val d&#039;Anniviers I Grimentz","potentialAction":[{"@type":"SearchAction","target":{"@type":"EntryPoint","urlTemplate":"https:\/\/frozenaction.ch\/en\/?s={search_term_string}"},"query-input":{"@type":"PropertyValueSpecification","valueRequired":true,"valueName":"search_term_string"}}],"inLanguage":"fr-FR"}]}},"_links":{"self":[{"href":"https:\/\/frozenaction.ch\/fr\/wp-json\/wp\/v2\/pages\/88827","targetHints":{"allow":["GET"]}}],"collection":[{"href":"https:\/\/frozenaction.ch\/fr\/wp-json\/wp\/v2\/pages"}],"about":[{"href":"https:\/\/frozenaction.ch\/fr\/wp-json\/wp\/v2\/types\/page"}],"author":[{"embeddable":true,"href":"https:\/\/frozenaction.ch\/fr\/wp-json\/wp\/v2\/users\/1"}],"replies":[{"embeddable":true,"href":"https:\/\/frozenaction.ch\/fr\/wp-json\/wp\/v2\/comments?post=88827"}],"version-history":[{"count":2,"href":"https:\/\/frozenaction.ch\/fr\/wp-json\/wp\/v2\/pages\/88827\/revisions"}],"predecessor-version":[{"id":101302,"href":"https:\/\/frozenaction.ch\/fr\/wp-json\/wp\/v2\/pages\/88827\/revisions\/101302"}],"wp:attachment":[{"href":"https:\/\/frozenaction.ch\/fr\/wp-json\/wp\/v2\/media?parent=88827"}],"curies":[{"name":"wp","href":"https:\/\/api.w.org\/{rel}","templated":true}]}}