{"id":101559,"date":"2021-11-29T11:14:26","date_gmt":"2021-11-29T10:14:26","guid":{"rendered":"https:\/\/frozenaction.ch\/privacy-policy\/"},"modified":"2021-11-29T11:15:04","modified_gmt":"2021-11-29T10:15:04","slug":"privacy-policy","status":"publish","type":"page","link":"https:\/\/frozenaction.ch\/fr\/privacy-policy\/","title":{"rendered":"Politiques de confidentialit\u00e9s"},"content":{"rendered":"<p>Date - 29\/11\/2021<\/p>\n<p>Bienvenue sur https:\/\/frozenaction.ch (le \"Site\"). Nous comprenons que la confidentialit\u00e9 en ligne est importante pour les utilisateurs de notre site, en particulier lorsqu'ils font des affaires. Cette d\u00e9claration r\u00e9git nos politiques de confidentialit\u00e9 \u00e0 l'\u00e9gard des utilisateurs du Site (\"Visiteurs\") qui visitent sans effectuer de transactions commerciales et des Visiteurs qui s'inscrivent pour effectuer des transactions commerciales sur le Site et utilisent les diff\u00e9rents services offerts par Frozen Action S\u00e0rl (collectivement, \" Services \u00bb) (\u00ab Clients autoris\u00e9s \u00bb).<\/p>\n<p><strong>\"Informations personnellement identifiables\"<\/strong><\/p>\n<p>fait r\u00e9f\u00e9rence \u00e0 toute information qui identifie ou peut \u00eatre utilis\u00e9e pour identifier, contacter ou localiser la personne \u00e0 qui ces informations se rapportent, y compris, mais sans s'y limiter, le nom, l'adresse, le num\u00e9ro de t\u00e9l\u00e9phone, le num\u00e9ro de fax, l'adresse e-mail, les profils financiers, la s\u00e9curit\u00e9 sociale num\u00e9ro de t\u00e9l\u00e9phone et informations de carte de cr\u00e9dit. Les informations personnellement identifiables n'incluent pas les informations collect\u00e9es de mani\u00e8re anonyme (c'est-\u00e0-dire sans identification de l'utilisateur individuel) ou les informations d\u00e9mographiques non li\u00e9es \u00e0 une personne identifi\u00e9e.<\/p>\n<p><strong>Quelles informations personnelles identifiables sont collect\u00e9es ?<\/strong><\/p>\n<p>Nous pouvons collecter des informations de base sur le profil d'utilisateur de tous nos visiteurs. Nous collectons les informations suppl\u00e9mentaires suivantes aupr\u00e8s de nos Clients autoris\u00e9s : les noms, adresses, num\u00e9ros de t\u00e9l\u00e9phone et adresses e-mail des Clients autoris\u00e9s, la nature et la taille de l'entreprise, ainsi que la nature et la taille de l'inventaire publicitaire que le Client autoris\u00e9 a l'intention d'acheter ou vendre.<\/p>\n<p><strong>Quelles organisations collectent les informations ?<\/strong><\/p>\n<p>En plus de notre collecte directe d'informations, nos fournisseurs de services tiers (tels que les soci\u00e9t\u00e9s de cartes de cr\u00e9dit, les chambres de compensation et les banques) qui peuvent fournir des services tels que les services de cr\u00e9dit, d'assurance et de d\u00e9p\u00f4t fiduciaire peuvent collecter ces informations aupr\u00e8s de nos visiteurs et clients autoris\u00e9s. Nous ne contr\u00f4lons pas la mani\u00e8re dont ces tiers utilisent ces informations, mais nous leur demandons de divulguer comment ils utilisent les informations personnelles qui leur sont fournies par les Visiteurs et les Clients autoris\u00e9s. Certains de ces tiers peuvent \u00eatre des interm\u00e9diaires qui agissent uniquement en tant que maillons de la cha\u00eene de distribution et ne stockent, ne conservent ni n'utilisent les informations qui leur sont fournies.<\/p>\n<p><strong>Comment le site utilise-t-il les informations personnellement identifiables ?<\/strong><\/p>\n<p>Nous utilisons les informations personnellement identifiables pour personnaliser le site, proposer des offres de services appropri\u00e9es et r\u00e9pondre aux demandes d'achat et de vente sur le site. Nous pouvons envoyer des e-mails aux visiteurs et aux clients autoris\u00e9s concernant la recherche ou les opportunit\u00e9s d'achat et de vente sur le site ou des informations li\u00e9es au sujet du site. Nous pouvons \u00e9galement utiliser des informations personnellement identifiables pour contacter les visiteurs et les clients autoris\u00e9s en r\u00e9ponse \u00e0 des demandes sp\u00e9cifiques ou pour fournir les informations demand\u00e9es.<\/p>\n<p><strong>Avec qui les informations peuvent-elles \u00eatre partag\u00e9es ?<\/strong><\/p>\n<p>Les informations personnellement identifiables sur les clients autoris\u00e9s peuvent \u00eatre partag\u00e9es avec d'autres clients autoris\u00e9s qui souhaitent \u00e9valuer des transactions potentielles avec d'autres clients autoris\u00e9s. Nous pouvons partager des informations agr\u00e9g\u00e9es sur nos visiteurs, y compris les donn\u00e9es d\u00e9mographiques de nos visiteurs et clients autoris\u00e9s, avec nos agences affili\u00e9es et nos fournisseurs tiers. Nous offrons \u00e9galement la possibilit\u00e9 de \u00ab refuser \u00bb de recevoir des informations ou d'\u00eatre contact\u00e9 par nous ou par toute agence agissant en notre nom.<\/p>\n<p><strong>Comment les informations personnellement identifiables sont-elles stock\u00e9es ?<\/strong><\/p>\n<p>Les informations personnellement identifiables collect\u00e9es par Frozen Action S\u00e0rl sont stock\u00e9es de mani\u00e8re s\u00e9curis\u00e9e et ne sont pas accessibles aux tiers ou aux employ\u00e9s de Frozen Action S\u00e0rl, sauf pour une utilisation comme indiqu\u00e9 ci-dessus.<\/p>\n<p><strong>Quels choix sont offerts aux Visiteurs concernant la collecte, l'utilisation et la distribution des informations ?<\/strong><\/p>\n<p>Les visiteurs et les clients autoris\u00e9s peuvent refuser de recevoir des informations non sollicit\u00e9es ou d'\u00eatre contact\u00e9s par nous et\/ou nos fournisseurs et agences affili\u00e9es en r\u00e9pondant aux e-mails comme indiqu\u00e9, ou en nous contactant \u00e0<\/p>\n<p><strong>Cookies<\/strong><\/p>\n<p>A cookie is a string of information that a website stores on a visitor\u2019s computer, and that the visitor\u2019s browser provides to the website each time the visitor returns.<\/p>\n<p><strong>Des cookies sont-ils utilis\u00e9s sur le site ?<\/strong><\/p>\n<p>Les cookies sont utilis\u00e9s pour diverses raisons. Nous utilisons des Cookies pour obtenir des informations sur les pr\u00e9f\u00e9rences de nos Visiteurs et les services qu'ils s\u00e9lectionnent. Nous utilisons \u00e9galement des cookies \u00e0 des fins de s\u00e9curit\u00e9 pour prot\u00e9ger nos clients autoris\u00e9s. Par exemple, si un client autoris\u00e9 est connect\u00e9 et que le site est inutilis\u00e9 pendant plus de 10 minutes, nous d\u00e9connecterons automatiquement le client autoris\u00e9. Les visiteurs qui ne souhaitent pas que des cookies soient plac\u00e9s sur leur ordinateur doivent configurer leur navigateur pour refuser les cookies avant d'utiliser https:\/\/frozenaction.ch, avec l'inconv\u00e9nient que certaines fonctionnalit\u00e9s du site Web peuvent ne pas fonctionner correctement sans l'aide de cookies.<\/p>\n<p><strong>Cookies utilis\u00e9s par nos prestataires de services<\/strong><\/p>\n<p>Nos fournisseurs de services utilisent des cookies et ces cookies peuvent \u00eatre stock\u00e9s sur votre ordinateur lorsque vous visitez notre site Web. Vous pouvez trouver plus de d\u00e9tails sur les cookies utilis\u00e9s dans notre page d'informations sur les cookies.<\/p>\n<p><strong>Comment Frozen Action S\u00e0rl utilise-t-elle les informations de connexion ?<\/strong><\/p>\n<p>Frozen Action S\u00e0rl utilise les informations de connexion, y compris, mais sans s'y limiter, les adresses IP, les FAI et les types de navigateurs, pour analyser les tendances, administrer le site, suivre les d\u00e9placements et l'utilisation d'un utilisateur et recueillir des informations d\u00e9mographiques g\u00e9n\u00e9rales.<\/p>\n<p><strong>Quels partenaires ou prestataires de services ont acc\u00e8s aux Informations Personnelles Identifiables des Visiteurs et\/ou Clients Autoris\u00e9s sur le Site ?<\/strong><\/p>\n<p>Frozen Action S\u00e0rl a conclu et continuera de conclure des partenariats et d'autres affiliations avec un certain nombre de fournisseurs. Ces fournisseurs peuvent avoir acc\u00e8s \u00e0 certaines informations personnellement identifiables sur un besoin de conna\u00eetre la base d'\u00e9valuation des clients autoris\u00e9s pour l'\u00e9ligibilit\u00e9 au service. Notre politique de confidentialit\u00e9 ne couvre pas leur collecte ou l'utilisation de ces informations. Divulgation d'informations personnellement identifiables pour se conformer \u00e0 la loi. Nous divulguerons des informations personnellement identifiables afin de nous conformer \u00e0 une ordonnance d'un tribunal ou \u00e0 une citation \u00e0 compara\u00eetre ou \u00e0 une demande d'un organisme charg\u00e9 de l'application de la loi de divulguer des informations. Nous divulguerons \u00e9galement des informations personnellement identifiables lorsque cela sera raisonnablement n\u00e9cessaire pour prot\u00e9ger la s\u00e9curit\u00e9 de nos visiteurs et clients autoris\u00e9s.<\/p>\n<p><strong>Comment le site prot\u00e8ge-t-il les informations personnellement identifiables ?<\/strong><\/p>\n<p>Tous nos employ\u00e9s connaissent notre politique et nos pratiques en mati\u00e8re de s\u00e9curit\u00e9. Les informations personnellement identifiables de nos visiteurs et clients autoris\u00e9s ne sont accessibles qu'\u00e0 un nombre limit\u00e9 d'employ\u00e9s qualifi\u00e9s qui re\u00e7oivent un mot de passe afin d'acc\u00e9der aux informations. Nous auditons r\u00e9guli\u00e8rement nos syst\u00e8mes et processus de s\u00e9curit\u00e9. Les informations sensibles, telles que les num\u00e9ros de carte de cr\u00e9dit ou les num\u00e9ros de s\u00e9curit\u00e9 sociale, sont prot\u00e9g\u00e9es par des protocoles de cryptage, mis en place pour prot\u00e9ger les informations envoy\u00e9es sur Internet. Bien que nous prenions des mesures commercialement raisonnables pour maintenir un site s\u00e9curis\u00e9, les communications \u00e9lectroniques et les bases de donn\u00e9es sont sujettes \u00e0 des erreurs, des falsifications et des effractions, et nous ne pouvons garantir ou garantir que de tels \u00e9v\u00e9nements n'auront pas lieu et nous ne serons pas responsables envers les visiteurs ou Clients autoris\u00e9s pour de tels \u00e9v\u00e9nements.<\/p>\n<p><strong>Comment les visiteurs peuvent-ils corriger les inexactitudes dans les informations personnelles identifiables ?<\/strong><\/p>\n<p>Les visiteurs et les clients autoris\u00e9s peuvent nous contacter pour mettre \u00e0 jour les informations personnellement identifiables les concernant ou pour corriger toute inexactitude en nous envoyant un e-mail \u00e0 info@frozenaction.ch<\/p>\n<p><strong>Un Visiteur peut-il supprimer ou d\u00e9sactiver les Informations Personnelles Identifiables collect\u00e9es par le Site ?<\/strong><\/p>\n<p>Nous fournissons aux visiteurs et aux clients autoris\u00e9s un m\u00e9canisme pour supprimer\/d\u00e9sactiver les informations personnellement identifiables de la base de donn\u00e9es du site en contactant. Cependant, en raison des sauvegardes et des enregistrements de suppressions, il peut \u00eatre impossible de supprimer l'entr\u00e9e d'un visiteur sans conserver certaines informations r\u00e9siduelles. Une personne qui demande la d\u00e9sactivation des informations personnellement identifiables verra ces informations supprim\u00e9es de mani\u00e8re fonctionnelle, et nous ne vendrons, ne transf\u00e9rerons ni n'utiliserons les informations personnellement identifiables relatives \u00e0 cette personne de quelque mani\u00e8re que ce soit \u00e0 l'avenir.<\/p>\n<p><strong>Vos droits<\/strong><\/p>\n<p>These are summarized rights that you have under data protection law<\/p>\n<ul>\n<li>Le droit d'acc\u00e8s<\/li>\n<li>Le droit de rectification<\/li>\n<li>Le droit \u00e0 l'effacement<\/li>\n<li>Le droit de limiter le traitement<\/li>\n<li>Le droit de s'opposer au traitement<\/li>\n<li>Le droit \u00e0 la portabilit\u00e9 des donn\u00e9es<\/li>\n<li>Le droit de porter plainte aupr\u00e8s d'une autorit\u00e9 de contr\u00f4le<\/li>\n<li>Le droit de retirer son consentement<\/li>\n<\/ul>\n<p><strong>Que se passe-t-il si la politique de confidentialit\u00e9 change ?<\/strong><\/p>\n<p>Nous informerons nos visiteurs et clients autoris\u00e9s des modifications apport\u00e9es \u00e0 notre politique de confidentialit\u00e9 en publiant ces modifications sur le site. Cependant, si nous modifions notre politique de confidentialit\u00e9 d'une mani\u00e8re qui pourrait entra\u00eener la divulgation d'informations personnellement identifiables qu'un visiteur ou un client autoris\u00e9 a pr\u00e9c\u00e9demment demand\u00e9 de ne pas divulguer, nous contacterons ce visiteur ou client autoris\u00e9 pour permettre \u00e0 ce visiteur ou client autoris\u00e9 d'emp\u00eacher une telle divulgation.<\/p>\n<p><strong>Liens:<\/strong><\/p>\n<p>https:\/\/frozenaction.ch contient des liens vers d'autres sites Web. Veuillez noter que lorsque vous cliquez sur l'un de ces liens, vous vous dirigez vers un autre site Web. Nous vous encourageons \u00e0 lire les d\u00e9clarations de confidentialit\u00e9 de ces sites li\u00e9s car leurs politiques de confidentialit\u00e9 peuvent diff\u00e9rer des n\u00f4tres.<\/p>","protected":false},"excerpt":{"rendered":"<p>Effective date &#8211; 29\/11\/2021 Welcome to https:\/\/frozenaction.ch (the &#8220;Site&#8221;). We understand that privacy online is important to users of our [&hellip;]<\/p>\n","protected":false},"author":1,"featured_media":0,"parent":0,"menu_order":0,"comment_status":"closed","ping_status":"closed","template":"","meta":{"footnotes":""},"class_list":["post-101559","page","type-page","status-publish","hentry"],"yoast_head":"<!-- This site is optimized with the Yoast SEO plugin v27.2 - https:\/\/yoast.com\/product\/yoast-seo-wordpress\/ -->\n<title>Privacy Policy - Frozen Action<\/title>\n<meta name=\"robots\" content=\"index, follow, max-snippet:-1, max-image-preview:large, max-video-preview:-1\" \/>\n<link rel=\"canonical\" href=\"https:\/\/frozenaction.ch\/fr\/privacy-policy\/\" \/>\n<meta property=\"og:locale\" content=\"fr_FR\" \/>\n<meta property=\"og:type\" content=\"article\" \/>\n<meta property=\"og:title\" content=\"Privacy Policy - Frozen Action\" \/>\n<meta property=\"og:description\" content=\"Effective date &#8211; 29\/11\/2021 Welcome to https:\/\/frozenaction.ch (the &#8220;Site&#8221;). We understand that privacy online is important to users of our [&hellip;]\" \/>\n<meta property=\"og:url\" content=\"https:\/\/frozenaction.ch\/fr\/privacy-policy\/\" \/>\n<meta property=\"og:site_name\" content=\"Frozen Action\" \/>\n<meta property=\"article:modified_time\" content=\"2021-11-29T10:15:04+00:00\" \/>\n<meta name=\"twitter:card\" content=\"summary_large_image\" \/>\n<meta name=\"twitter:label1\" content=\"Dur\u00e9e de lecture estim\u00e9e\" \/>\n\t<meta name=\"twitter:data1\" content=\"7 minutes\" \/>\n<script type=\"application\/ld+json\" class=\"yoast-schema-graph\">{\"@context\":\"https:\/\/schema.org\",\"@graph\":[{\"@type\":\"WebPage\",\"@id\":\"https:\/\/frozenaction.ch\/en\/privacy-policy\/\",\"url\":\"https:\/\/frozenaction.ch\/en\/privacy-policy\/\",\"name\":\"Privacy Policy - Frozen Action\",\"isPartOf\":{\"@id\":\"https:\/\/frozenaction.ch\/en\/#website\"},\"datePublished\":\"2021-11-29T10:14:26+00:00\",\"dateModified\":\"2021-11-29T10:15:04+00:00\",\"breadcrumb\":{\"@id\":\"https:\/\/frozenaction.ch\/en\/privacy-policy\/#breadcrumb\"},\"inLanguage\":\"fr-FR\",\"potentialAction\":[{\"@type\":\"ReadAction\",\"target\":[\"https:\/\/frozenaction.ch\/en\/privacy-policy\/\"]}]},{\"@type\":\"BreadcrumbList\",\"@id\":\"https:\/\/frozenaction.ch\/en\/privacy-policy\/#breadcrumb\",\"itemListElement\":[{\"@type\":\"ListItem\",\"position\":1,\"name\":\"Home\",\"item\":\"https:\/\/frozenaction.ch\/en\/\"},{\"@type\":\"ListItem\",\"position\":2,\"name\":\"Privacy Policy\"}]},{\"@type\":\"WebSite\",\"@id\":\"https:\/\/frozenaction.ch\/en\/#website\",\"url\":\"https:\/\/frozenaction.ch\/en\/\",\"name\":\"Frozen Action\",\"description\":\"Property Sales I Property Management I Boutique I Val d&#039;Anniviers I Grimentz\",\"potentialAction\":[{\"@type\":\"SearchAction\",\"target\":{\"@type\":\"EntryPoint\",\"urlTemplate\":\"https:\/\/frozenaction.ch\/en\/?s={search_term_string}\"},\"query-input\":{\"@type\":\"PropertyValueSpecification\",\"valueRequired\":true,\"valueName\":\"search_term_string\"}}],\"inLanguage\":\"fr-FR\"}]}<\/script>\n<!-- \/ Yoast SEO plugin. -->","yoast_head_json":{"title":"Privacy Policy - Frozen Action","robots":{"index":"index","follow":"follow","max-snippet":"max-snippet:-1","max-image-preview":"max-image-preview:large","max-video-preview":"max-video-preview:-1"},"canonical":"https:\/\/frozenaction.ch\/fr\/privacy-policy\/","og_locale":"fr_FR","og_type":"article","og_title":"Privacy Policy - Frozen Action","og_description":"Effective date &#8211; 29\/11\/2021 Welcome to https:\/\/frozenaction.ch (the &#8220;Site&#8221;). We understand that privacy online is important to users of our [&hellip;]","og_url":"https:\/\/frozenaction.ch\/fr\/privacy-policy\/","og_site_name":"Frozen Action","article_modified_time":"2021-11-29T10:15:04+00:00","twitter_card":"summary_large_image","twitter_misc":{"Dur\u00e9e de lecture estim\u00e9e":"7 minutes"},"schema":{"@context":"https:\/\/schema.org","@graph":[{"@type":"WebPage","@id":"https:\/\/frozenaction.ch\/en\/privacy-policy\/","url":"https:\/\/frozenaction.ch\/en\/privacy-policy\/","name":"Privacy Policy - Frozen Action","isPartOf":{"@id":"https:\/\/frozenaction.ch\/en\/#website"},"datePublished":"2021-11-29T10:14:26+00:00","dateModified":"2021-11-29T10:15:04+00:00","breadcrumb":{"@id":"https:\/\/frozenaction.ch\/en\/privacy-policy\/#breadcrumb"},"inLanguage":"fr-FR","potentialAction":[{"@type":"ReadAction","target":["https:\/\/frozenaction.ch\/en\/privacy-policy\/"]}]},{"@type":"BreadcrumbList","@id":"https:\/\/frozenaction.ch\/en\/privacy-policy\/#breadcrumb","itemListElement":[{"@type":"ListItem","position":1,"name":"Home","item":"https:\/\/frozenaction.ch\/en\/"},{"@type":"ListItem","position":2,"name":"Privacy Policy"}]},{"@type":"WebSite","@id":"https:\/\/frozenaction.ch\/en\/#website","url":"https:\/\/frozenaction.ch\/en\/","name":"Frozen Action","description":"Property Sales I Property Management I Boutique I Val d&#039;Anniviers I Grimentz","potentialAction":[{"@type":"SearchAction","target":{"@type":"EntryPoint","urlTemplate":"https:\/\/frozenaction.ch\/en\/?s={search_term_string}"},"query-input":{"@type":"PropertyValueSpecification","valueRequired":true,"valueName":"search_term_string"}}],"inLanguage":"fr-FR"}]}},"_links":{"self":[{"href":"https:\/\/frozenaction.ch\/fr\/wp-json\/wp\/v2\/pages\/101559","targetHints":{"allow":["GET"]}}],"collection":[{"href":"https:\/\/frozenaction.ch\/fr\/wp-json\/wp\/v2\/pages"}],"about":[{"href":"https:\/\/frozenaction.ch\/fr\/wp-json\/wp\/v2\/types\/page"}],"author":[{"embeddable":true,"href":"https:\/\/frozenaction.ch\/fr\/wp-json\/wp\/v2\/users\/1"}],"replies":[{"embeddable":true,"href":"https:\/\/frozenaction.ch\/fr\/wp-json\/wp\/v2\/comments?post=101559"}],"version-history":[{"count":2,"href":"https:\/\/frozenaction.ch\/fr\/wp-json\/wp\/v2\/pages\/101559\/revisions"}],"predecessor-version":[{"id":101561,"href":"https:\/\/frozenaction.ch\/fr\/wp-json\/wp\/v2\/pages\/101559\/revisions\/101561"}],"wp:attachment":[{"href":"https:\/\/frozenaction.ch\/fr\/wp-json\/wp\/v2\/media?parent=101559"}],"curies":[{"name":"wp","href":"https:\/\/api.w.org\/{rel}","templated":true}]}}