{"id":101545,"date":"2021-11-29T09:08:02","date_gmt":"2021-11-29T08:08:02","guid":{"rendered":"https:\/\/frozenaction.ch\/?page_id=101545"},"modified":"2021-12-02T20:03:51","modified_gmt":"2021-12-02T19:03:51","slug":"about-us","status":"publish","type":"page","link":"https:\/\/frozenaction.ch\/fr\/about-us\/","title":{"rendered":"A propos de nous"},"content":{"rendered":"<div class=\"wpb-content-wrapper\"><div data-parent=\"true\" class=\"vc_row row-container\" style=\"z-index: 1;\" id=\"row-unique-0\"><div class=\"row-background background-element\">\n\t\t\t\t\t\t\t\t\t\t\t<div class=\"background-wrapper\">\n\t\t\t\t\t\t\t\t\t\t\t\t<div class=\"background-inner\" style=\"background-image: url(https:\/\/frozenaction.ch\/wp-content\/uploads\/2021\/09\/grimentz7-scaled.jpg);background-repeat: no-repeat;background-position: center center;background-attachment: scroll;background-size: initial;\"><\/div>\n\t\t\t\t\t\t\t\t\t\t\t\t<div class=\"block-bg-overlay style-color-jevc-bg\" style=\"opacity: 0.5;\"><\/div>\n\t\t\t\t\t\t\t\t\t\t\t<\/div>\n\t\t\t\t\t\t\t\t\t\t<\/div><div class=\"row unequal col-double-gutter quad-top-padding quad-bottom-padding single-h-padding limit-width row-parent\"><div class=\"wpb_row row-inner\"><div class=\"wpb_column pos-top pos-center align_left align_center_tablet align_center_mobile column_parent col-lg-12 double-internal-gutter\"><div class=\"uncol style-spec style-dark\"  ><div class=\"uncoltable\"><div class=\"uncell no-block-padding    parallax-el\" data-rellax-percentage=\"0.5\" data-rellax-speed=\"1\"><div class=\"uncont\" ><div class=\"vc_row row-internal row-container\"><div class=\"row col-double-gutter row-child\"><div class=\"wpb_row row-inner\"><div class=\"wpb_column pos-top pos-center align_left column_child col-lg-3 col-md-33 single-internal-gutter\"><div class=\"uncol style-light\" ><div class=\"uncoltable\"><div class=\"uncell no-block-padding\" ><div class=\"uncont\" ><\/div><\/div><\/div><\/div><\/div><div class=\"wpb_column pos-top pos-center align_left column_child col-lg-9 col-md-66 double-internal-gutter\"><div class=\"uncol style-spec style-dark\" ><div class=\"uncoltable\"><div class=\"uncell no-block-padding\" ><div class=\"uncont\" ><div class=\"vc_custom_heading_wrap\"><div class=\"heading-text el-text\" ><h6 class=\"h1 font-weight-300\" ><span><em>&#8221; We feel so fortunate to live and work in one of Switzerland\u2019s most picturesque and spectacular resorts.&#8221;<\/em><\/span><\/h6><\/div><div class=\"clear\"><\/div><\/div><\/div><\/div><\/div><\/div><\/div><\/div><\/div><\/div><div  class=\"vertical-text h6 fontspace-135905 vertical-text--noflip vertical-text--left vertical-text--bottom shift_x_neg_triple mobile-hidden\">\u2e3b About us<\/div><\/div><\/div><\/div><\/div><\/div><script id=\"script-row-unique-0\" data-row=\"script-row-unique-0\" type=\"text\/javascript\" class=\"vc_controls\">UNCODE.initRow(document.getElementById(\"row-unique-0\"));<\/script><\/div><\/div><\/div><div data-parent=\"true\" class=\"vc_row row-container\" id=\"row-unique-1\"><div class=\"row col-double-gutter double-top-padding double-bottom-padding single-h-padding limit-width row-parent\"><div class=\"wpb_row row-inner\"><div class=\"wpb_column pos-top pos-center align_left column_parent col-lg-3 tablet-hidden mobile-hidden single-internal-gutter\"><div class=\"uncol style-light\"  ><div class=\"uncoltable\"><div class=\"uncell no-block-padding\" ><div class=\"uncont\" ><\/div><\/div><\/div><\/div><\/div><div class=\"wpb_column pos-top pos-center align_left column_parent col-lg-6 single-internal-gutter\"><div class=\"uncol style-light font-175345\"  ><div class=\"uncoltable\"><div class=\"uncell no-block-padding\" ><div class=\"uncont\" ><div class=\"uncode_text_column\" ><p>Un couple Britannique Will et Anna Herrington est \u00e0 la t\u00eate de l\u2019entreprise Frozen Action, ils vivent et travaillent \u00e0 Grimentz depuis 2005.<\/p>\n<p>Avant de venir s\u2019installer \u00e0 Grimentz, Will travaillait pour un Tour Operator sp\u00e9cialiste du ski \u00ab Powder Byrne \u00bb, puis il a rejoint l\u2019entreprise Savills Alpine Homes et a g\u00e9r\u00e9 leur bureau suisse \u00e0 Sion. Will travaille depuis plus de 30 ans dans les Alpes Suisses ; il est \u00e9galement passionn\u00e9 par le ski, le v\u00e9lo, \u2026 tout ce qui touche \u00e0 la montagne en g\u00e9n\u00e9ral et \u00e0 Grimentz en particulier.<\/p>\n<p>Plus connue sous son nom de jeune fille Walker, Anna a travaill\u00e9 pendant 20 ans \u00e0 la T\u00e9l\u00e9vision, en pr\u00e9sentant des \u00e9missions sur les cha\u00eenes Sky News and Sport, BBC, ITV et plus particuli\u00e8rement des programmes sur les vacances comme Wish You Were Here\u2026 ? et Walker\u2019s World. Anna s\u2019est maintenant sp\u00e9cialis\u00e9e dans la vente de propri\u00e9t\u00e9s et elle supervise \u00e9galement la gestion de notre magasin.<\/p>\n<\/div><\/div><\/div><\/div><\/div><\/div><div class=\"wpb_column pos-top pos-center align_left column_parent col-lg-3 tablet-hidden mobile-hidden single-internal-gutter\"><div class=\"uncol style-light\"  ><div class=\"uncoltable\"><div class=\"uncell no-block-padding\" ><div class=\"uncont\" ><\/div><\/div><\/div><\/div><\/div><script id=\"script-row-unique-1\" data-row=\"script-row-unique-1\" type=\"text\/javascript\" class=\"vc_controls\">UNCODE.initRow(document.getElementById(\"row-unique-1\"));<\/script><\/div><\/div><\/div>\n<\/div>","protected":false},"excerpt":{"rendered":"\" We feel so fortunate to live and work in one of Switzerland\u2019s most picturesque and spectacular resorts.\"\u2e3b About usFrozen [...]","protected":false},"author":1,"featured_media":0,"parent":0,"menu_order":0,"comment_status":"closed","ping_status":"closed","template":"","meta":{"footnotes":""},"class_list":["post-101545","page","type-page","status-publish","hentry"],"yoast_head":"<!-- This site is optimized with the Yoast SEO plugin v27.2 - https:\/\/yoast.com\/product\/yoast-seo-wordpress\/ -->\n<title>About us - Frozen Action<\/title>\n<meta name=\"robots\" content=\"index, follow, max-snippet:-1, max-image-preview:large, max-video-preview:-1\" \/>\n<link rel=\"canonical\" href=\"https:\/\/frozenaction.ch\/fr\/about-us\/\" \/>\n<meta property=\"og:locale\" content=\"fr_FR\" \/>\n<meta property=\"og:type\" content=\"article\" \/>\n<meta property=\"og:title\" content=\"About us - Frozen Action\" \/>\n<meta property=\"og:url\" content=\"https:\/\/frozenaction.ch\/fr\/about-us\/\" \/>\n<meta property=\"og:site_name\" content=\"Frozen Action\" \/>\n<meta property=\"article:modified_time\" content=\"2021-12-02T19:03:51+00:00\" \/>\n<meta name=\"twitter:card\" content=\"summary_large_image\" \/>\n<meta name=\"twitter:label1\" content=\"Dur\u00e9e de lecture estim\u00e9e\" \/>\n\t<meta name=\"twitter:data1\" content=\"2 minutes\" \/>\n<script type=\"application\/ld+json\" class=\"yoast-schema-graph\">{\"@context\":\"https:\/\/schema.org\",\"@graph\":[{\"@type\":\"WebPage\",\"@id\":\"https:\/\/frozenaction.ch\/en\/about-us\/\",\"url\":\"https:\/\/frozenaction.ch\/en\/about-us\/\",\"name\":\"About us - Frozen Action\",\"isPartOf\":{\"@id\":\"https:\/\/frozenaction.ch\/en\/#website\"},\"datePublished\":\"2021-11-29T08:08:02+00:00\",\"dateModified\":\"2021-12-02T19:03:51+00:00\",\"breadcrumb\":{\"@id\":\"https:\/\/frozenaction.ch\/en\/about-us\/#breadcrumb\"},\"inLanguage\":\"fr-FR\",\"potentialAction\":[{\"@type\":\"ReadAction\",\"target\":[\"https:\/\/frozenaction.ch\/en\/about-us\/\"]}]},{\"@type\":\"BreadcrumbList\",\"@id\":\"https:\/\/frozenaction.ch\/en\/about-us\/#breadcrumb\",\"itemListElement\":[{\"@type\":\"ListItem\",\"position\":1,\"name\":\"Home\",\"item\":\"https:\/\/frozenaction.ch\/en\/\"},{\"@type\":\"ListItem\",\"position\":2,\"name\":\"About us\"}]},{\"@type\":\"WebSite\",\"@id\":\"https:\/\/frozenaction.ch\/en\/#website\",\"url\":\"https:\/\/frozenaction.ch\/en\/\",\"name\":\"Frozen Action\",\"description\":\"Property Sales I Property Management I Boutique I Val d&#039;Anniviers I Grimentz\",\"potentialAction\":[{\"@type\":\"SearchAction\",\"target\":{\"@type\":\"EntryPoint\",\"urlTemplate\":\"https:\/\/frozenaction.ch\/en\/?s={search_term_string}\"},\"query-input\":{\"@type\":\"PropertyValueSpecification\",\"valueRequired\":true,\"valueName\":\"search_term_string\"}}],\"inLanguage\":\"fr-FR\"}]}<\/script>\n<!-- \/ Yoast SEO plugin. -->","yoast_head_json":{"title":"About us - Frozen Action","robots":{"index":"index","follow":"follow","max-snippet":"max-snippet:-1","max-image-preview":"max-image-preview:large","max-video-preview":"max-video-preview:-1"},"canonical":"https:\/\/frozenaction.ch\/fr\/about-us\/","og_locale":"fr_FR","og_type":"article","og_title":"About us - Frozen Action","og_url":"https:\/\/frozenaction.ch\/fr\/about-us\/","og_site_name":"Frozen Action","article_modified_time":"2021-12-02T19:03:51+00:00","twitter_card":"summary_large_image","twitter_misc":{"Dur\u00e9e de lecture estim\u00e9e":"2 minutes"},"schema":{"@context":"https:\/\/schema.org","@graph":[{"@type":"WebPage","@id":"https:\/\/frozenaction.ch\/en\/about-us\/","url":"https:\/\/frozenaction.ch\/en\/about-us\/","name":"About us - Frozen Action","isPartOf":{"@id":"https:\/\/frozenaction.ch\/en\/#website"},"datePublished":"2021-11-29T08:08:02+00:00","dateModified":"2021-12-02T19:03:51+00:00","breadcrumb":{"@id":"https:\/\/frozenaction.ch\/en\/about-us\/#breadcrumb"},"inLanguage":"fr-FR","potentialAction":[{"@type":"ReadAction","target":["https:\/\/frozenaction.ch\/en\/about-us\/"]}]},{"@type":"BreadcrumbList","@id":"https:\/\/frozenaction.ch\/en\/about-us\/#breadcrumb","itemListElement":[{"@type":"ListItem","position":1,"name":"Home","item":"https:\/\/frozenaction.ch\/en\/"},{"@type":"ListItem","position":2,"name":"About us"}]},{"@type":"WebSite","@id":"https:\/\/frozenaction.ch\/en\/#website","url":"https:\/\/frozenaction.ch\/en\/","name":"Frozen Action","description":"Property Sales I Property Management I Boutique I Val d&#039;Anniviers I Grimentz","potentialAction":[{"@type":"SearchAction","target":{"@type":"EntryPoint","urlTemplate":"https:\/\/frozenaction.ch\/en\/?s={search_term_string}"},"query-input":{"@type":"PropertyValueSpecification","valueRequired":true,"valueName":"search_term_string"}}],"inLanguage":"fr-FR"}]}},"_links":{"self":[{"href":"https:\/\/frozenaction.ch\/fr\/wp-json\/wp\/v2\/pages\/101545","targetHints":{"allow":["GET"]}}],"collection":[{"href":"https:\/\/frozenaction.ch\/fr\/wp-json\/wp\/v2\/pages"}],"about":[{"href":"https:\/\/frozenaction.ch\/fr\/wp-json\/wp\/v2\/types\/page"}],"author":[{"embeddable":true,"href":"https:\/\/frozenaction.ch\/fr\/wp-json\/wp\/v2\/users\/1"}],"replies":[{"embeddable":true,"href":"https:\/\/frozenaction.ch\/fr\/wp-json\/wp\/v2\/comments?post=101545"}],"version-history":[{"count":7,"href":"https:\/\/frozenaction.ch\/fr\/wp-json\/wp\/v2\/pages\/101545\/revisions"}],"predecessor-version":[{"id":101548,"href":"https:\/\/frozenaction.ch\/fr\/wp-json\/wp\/v2\/pages\/101545\/revisions\/101548"}],"wp:attachment":[{"href":"https:\/\/frozenaction.ch\/fr\/wp-json\/wp\/v2\/media?parent=101545"}],"curies":[{"name":"wp","href":"https:\/\/api.w.org\/{rel}","templated":true}]}}