{"id":101527,"date":"2021-11-29T08:51:14","date_gmt":"2021-11-29T07:51:14","guid":{"rendered":"https:\/\/frozenaction.ch\/?page_id=101527"},"modified":"2021-11-29T09:04:24","modified_gmt":"2021-11-29T08:04:24","slug":"property-management","status":"publish","type":"page","link":"https:\/\/frozenaction.ch\/fr\/property-management\/","title":{"rendered":"Gestion immobili\u00e8re"},"content":{"rendered":"<div class=\"wpb-content-wrapper\"><div data-parent=\"true\" class=\"vc_row row-container\" style=\"z-index: 1;\" id=\"row-unique-0\"><div class=\"row-background background-element\">\n\t\t\t\t\t\t\t\t\t\t\t<div class=\"background-wrapper\">\n\t\t\t\t\t\t\t\t\t\t\t\t<div class=\"background-inner\" style=\"background-image: url(https:\/\/frozenaction.ch\/wp-content\/uploads\/2021\/11\/Adelaide_Bedroom-6.jpg);background-repeat: no-repeat;background-position: center center;background-attachment: scroll;background-size: initial;\"><\/div>\n\t\t\t\t\t\t\t\t\t\t\t\t<div class=\"block-bg-overlay style-color-jevc-bg\" style=\"opacity: 0.5;\"><\/div>\n\t\t\t\t\t\t\t\t\t\t\t<\/div>\n\t\t\t\t\t\t\t\t\t\t<\/div><div class=\"row unequal col-double-gutter quad-top-padding quad-bottom-padding single-h-padding limit-width row-parent\"><div class=\"wpb_row row-inner\"><div class=\"wpb_column pos-top pos-center align_left align_center_tablet align_center_mobile column_parent col-lg-12 double-internal-gutter\"><div class=\"uncol style-spec style-dark\"  ><div class=\"uncoltable\"><div class=\"uncell no-block-padding    parallax-el\" data-rellax-percentage=\"0.5\" data-rellax-speed=\"1\"><div class=\"uncont\" ><div class=\"vc_row row-internal row-container\"><div class=\"row col-double-gutter row-child\"><div class=\"wpb_row row-inner\"><div class=\"wpb_column pos-top pos-center align_left column_child col-lg-3 col-md-33 single-internal-gutter\"><div class=\"uncol style-light\" ><div class=\"uncoltable\"><div class=\"uncell no-block-padding\" ><div class=\"uncont\" ><\/div><\/div><\/div><\/div><\/div><div class=\"wpb_column pos-top pos-center align_left column_child col-lg-9 col-md-66 double-internal-gutter\"><div class=\"uncol style-spec style-dark\" ><div class=\"uncoltable\"><div class=\"uncell no-block-padding\" ><div class=\"uncont\" ><div class=\"vc_custom_heading_wrap\"><div class=\"heading-text el-text\" ><h6 class=\"h1 font-weight-300\" ><span>Frozen Action offre un service sur mesure aux propri\u00e9taires de r\u00e9sidences secondaires \u00e0 Grimentz pour l\u2019entretien et la surveillance de leur chalet ou de leur appartement, apporter son aide lors de r\u00e9novations, travaux, pour la d\u00e9coration et l\u2019ameublement du logement. Nous pouvons \u00e9galement nous occuper pour vous du paiement des factures suisses et de tous les d\u00e9tails li\u00e9s aux exigences suisses. Nous proposons \u00e9galement un service de conciergerie afin d\u2019organiser et pr\u00e9parer vos vacances sur place.<\/span><\/h6><\/div><div class=\"clear\"><\/div><\/div><\/div><\/div><\/div><\/div><\/div><\/div><\/div><\/div><div  class=\"vertical-text h6 fontspace-135905 vertical-text--noflip vertical-text--left vertical-text--bottom shift_x_neg_triple mobile-hidden\">\u2e3b Gestion immobili\u00e8re<\/div><\/div><\/div><\/div><\/div><\/div><script id=\"script-row-unique-0\" data-row=\"script-row-unique-0\" type=\"text\/javascript\" class=\"vc_controls\">UNCODE.initRow(document.getElementById(\"row-unique-0\"));<\/script><\/div><\/div><\/div><div data-parent=\"true\" class=\"vc_row row-container onepage-section has-dividers\" data-label=\"Events\" data-name=\"events\" id=\"row-unique-1\"><div class=\"uncode-divider-wrap uncode-divider-wrap-bottom z_index_0 uncode-row-divider-invert\" style=\"height: 100%;\" data-height=\"100\" data-unit=\"%\"><svg version=\"1.1\" class=\"uncode-row-divider uncode-row-divider-curve\" x=\"0px\" y=\"0px\" width=\"240px\" height=\"24px\" viewbox=\"0 0 240 24\" enable-background=\"new 0 0 240 24\" xml:space=\"preserve\" preserveaspectratio=\"none\">\n\t\t<path fill=\"#ffffff\" d=\"M240,0v24h-60V0H240z\"\/>\n\t\t<\/svg><\/div><div class=\"row col-double-gutter double-top-padding quad-bottom-padding single-h-padding limit-width row-parent\"><div class=\"wpb_row row-inner\"><div class=\"wpb_column pos-top pos-center align_left column_parent col-lg-9 single-internal-gutter\"><div class=\"uncol style-light\"  ><div class=\"uncoltable\"><div class=\"uncell no-block-padding    parallax-el\" data-rellax-percentage=\"0.5\" data-rellax-speed=\"1\"><div class=\"uncont\" ><div class=\"vc_row row-internal row-container\"><div class=\"row unequal col-double-gutter row-child\"><div class=\"wpb_row row-inner\"><div class=\"wpb_column pos-middle pos-center align_left column_child col-lg-3 col-md-33 half-internal-gutter\"><div class=\"uncol style-light\" ><div class=\"uncoltable\"><div class=\"uncell no-block-padding\" ><div class=\"uncont\" ><div class=\"vc_custom_heading_wrap\"><div class=\"heading-text el-text\" ><h3 class=\"h3 text-accent-color\" ><span><strong>Gestion immobili\u00e8re <\/strong><\/span><\/h3><\/div><div class=\"clear\"><\/div><\/div><\/div><\/div><\/div><\/div><\/div><div class=\"wpb_column pos-middle pos-center align_left column_child col-lg-9 col-md-66 single-internal-gutter\"><div class=\"uncol style-light\" ><div class=\"uncoltable\"><div class=\"uncell no-block-padding\" ><div class=\"uncont\" ><div class=\"vc_custom_heading_wrap\"><div class=\"heading-text el-text\" ><p class=\"h5 fontheight-524109 text-color-wvjs-color\" ><span><\/p><\/span><span><ul><\/span><span><li>Un trousseau de vos cl\u00e9s reste en notre possession<\/li><\/span><span><li>Contr\u00f4le r\u00e9gulier de votre logement<\/li><\/span><span><li>Organisation des travaux de maintenance, des r\u00e9parations, de l\u2019entretien des ext\u00e9rieurs, des livraisons de bois pour le chauffage, de mazout<\/li><\/span><span><li>Paiement de vos factures<\/li><\/span><span><li>Nettoyage du logement et service de blanchisserie pour le linge de maison<\/li><\/span><span><li>Interlocuteur sur place pour g\u00e9rer les travaux de r\u00e9novations et\/ou d\u2019am\u00e9lioration<\/li><\/span><span><li>Suppl\u00e9ment Ad hoc pour r\u00e9pondre \u00e0 toute exigence locale<\/li><\/span><span><\/ul><\/span><span><p><\/span><\/p><\/div><div class=\"clear\"><\/div><\/div><\/div><\/div><\/div><\/div><\/div><\/div><\/div><\/div><div class=\"divider-wrapper\"  >\n    <hr class=\"unseparator border-,Default-color separator-no-padding\"  \/>\n<\/div>\n<div class=\"vc_row row-internal row-container\"><div class=\"row unequal col-double-gutter row-child\"><div class=\"wpb_row row-inner\"><div class=\"wpb_column pos-middle pos-center align_left column_child col-lg-3 col-md-33 half-internal-gutter\"><div class=\"uncol style-light\" ><div class=\"uncoltable\"><div class=\"uncell no-block-padding\" ><div class=\"uncont\" ><div class=\"vc_custom_heading_wrap\"><div class=\"heading-text el-text\" ><h3 class=\"h3 text-accent-color\" ><span><strong>Service de conciergerie<\/strong><\/span><\/h3><\/div><div class=\"clear\"><\/div><\/div><\/div><\/div><\/div><\/div><\/div><div class=\"wpb_column pos-middle pos-center align_left column_child col-lg-9 col-md-66 single-internal-gutter\"><div class=\"uncol style-light\" ><div class=\"uncoltable\"><div class=\"uncell no-block-padding\" ><div class=\"uncont\" ><div class=\"vc_custom_heading_wrap\"><div class=\"heading-text el-text\" ><p class=\"h5 fontheight-524109 text-color-wvjs-color\" ><span>R\u00e9servation \u00e0 l'avance de :<\/p><\/span><span><ul><\/span><span><li>Professeurs de ski \/ guide de montagne<\/li><\/span><span><li>Restaurants<\/li><\/span><span><li>Taxis<\/li><\/span><span><li>Forfaits de ski (livr\u00e9s directement dans votre logement)<\/li><\/span><span><li>Babysitters<\/li><\/span><span><li>Panier de bienvenue de produits alimentaires dont vous pourriez avoir besoin \u00e0 votre arriv\u00e9e<\/li><\/span><span><li>Packs de bienvenue - panier d'achat avec tout le n\u00e9cessaire \u00e0 votre arriv\u00e9e<\/li><\/span><span><li>Plats pr\u00e9par\u00e9s et livr\u00e9s directement \u00e0 votre logement<\/li><\/span><span><li>Pr\u00e9sence d\u2019un cuisinier<\/li><\/span><span><li>Autres activit\u00e9s comme escalade de cascade de glace, parapente, journ\u00e9e de ski avec un guide, v\u00e9los \u00e9lectrique, etc\u2026<\/li><\/span><span><\/ul><\/span><span><p><\/span><\/p><\/div><div class=\"clear\"><\/div><\/div><\/div><\/div><\/div><\/div><\/div><\/div><\/div><\/div><div class=\"divider-wrapper\"  >\n    <hr class=\"unseparator border-,Default-color separator-no-padding\"  \/>\n<\/div>\n<div class=\"vc_row row-internal row-container\"><div class=\"row unequal col-double-gutter row-child\"><div class=\"wpb_row row-inner\"><div class=\"wpb_column pos-middle pos-center align_left column_child col-lg-3 col-md-33 half-internal-gutter\"><div class=\"uncol style-light\" ><div class=\"uncoltable\"><div class=\"uncell no-block-padding\" ><div class=\"uncont\" ><div class=\"vc_custom_heading_wrap\"><div class=\"heading-text el-text\" ><h3 class=\"h3 text-accent-color\" ><span><strong>Service administratif<\/strong><\/span><\/h3><\/div><div class=\"clear\"><\/div><\/div><\/div><\/div><\/div><\/div><\/div><div class=\"wpb_column pos-middle pos-center align_left column_child col-lg-9 col-md-66 single-internal-gutter\"><div class=\"uncol style-light\" ><div class=\"uncoltable\"><div class=\"uncell no-block-padding\" ><div class=\"uncont\" ><div class=\"vc_custom_heading_wrap\"><div class=\"heading-text el-text\" ><p class=\"h5 fontheight-524109 text-color-wvjs-color\" ><span><\/p><\/span><span><div><span lang=\"EN-GB\">\u00catre propri\u00e9taire d\u2019un logement dans un pays \u00e9tranger g\u00e9n\u00e8re un certain nombre de d\u00e9marches administratives ainsi que la tenue d\u2019une comptabilit\u00e9 ad hoc. Nous pouvons vous aider dans ces t\u00e2ches gr\u00e2ce \u00e0 notre r\u00e9seau de contacts juridiques et\/ou financiers. Nous pouvons \u00e9galement nous charger du paiement de toutes vos factures courantes ainsi que de toute la correspondance n\u00e9cessaire avec les autorit\u00e9s et les diff\u00e9rents prestataires locaux.<\/span><\/div><\/span><span><p><\/span><\/p><\/div><div class=\"clear\"><\/div><\/div><\/div><\/div><\/div><\/div><\/div><\/div><\/div><\/div><\/div><\/div><\/div><\/div><\/div><div class=\"wpb_column pos-middle pos-center align_left column_parent col-lg-3 tablet-hidden single-internal-gutter\"><div class=\"uncol style-light animate_when_almost_visible zoom-in\"  data-speed=\"800\"><div class=\"uncoltable\"><div class=\"uncell no-block-padding    parallax-el\" data-rellax-percentage=\"0.5\" data-rellax-speed=\"3\"><div class=\"uncont\" ><div class=\"uncode-single-media  text-left\"><div class=\"single-wrapper\" style=\"max-width: 100%;\"><div class=\"tmb tmb-light  tmb-img-ratio tmb-media-first tmb-media-last tmb-content-overlay tmb-no-bg\"><div class=\"t-inside\"><div class=\"t-entry-visual\"><div class=\"t-entry-visual-tc\"><div class=\"uncode-single-media-wrapper\"><div class=\"dummy\" style=\"padding-top: 66.7%;\"><\/div><img decoding=\"async\" class=\"wp-image-101305\" src=\"https:\/\/frozenaction.ch\/wp-content\/uploads\/2021\/11\/eb8dmxnogp4.jpg\" width=\"1600\" height=\"1067\" alt=\"brown wooden houses near green trees and mountain under white clouds during daytime\" srcset=\"https:\/\/frozenaction.ch\/wp-content\/uploads\/2021\/11\/eb8dmxnogp4.jpg 1600w, https:\/\/frozenaction.ch\/wp-content\/uploads\/2021\/11\/eb8dmxnogp4-300x200.jpg 300w, https:\/\/frozenaction.ch\/wp-content\/uploads\/2021\/11\/eb8dmxnogp4-1024x683.jpg 1024w, https:\/\/frozenaction.ch\/wp-content\/uploads\/2021\/11\/eb8dmxnogp4-768x512.jpg 768w, https:\/\/frozenaction.ch\/wp-content\/uploads\/2021\/11\/eb8dmxnogp4-1536x1024.jpg 1536w\" sizes=\"(max-width: 1600px) 100vw, 1600px\" \/><\/div>\n\t\t\t\t\t<\/div>\n\t\t\t\t<\/div><\/div><\/div><\/div><\/div><span class=\"btn-container\" ><a role=\"button\"  href=\"mailto: info@frozenaction.ch\" class=\"custom-link btn-custom-typo font-131384 font-weight-500 text-uppercase no-letterspace border-width-0 text-accent-color btn-no-scale btn-icon-right\" target=\"_blank\">Contactez-nous<i class=\"fa fa-arrow-right2\"><\/i><\/a><\/span><\/div><\/div><\/div><\/div><\/div><script id=\"script-row-unique-1\" data-row=\"script-row-unique-1\" type=\"text\/javascript\" class=\"vc_controls\">UNCODE.initRow(document.getElementById(\"row-unique-1\"));<\/script><\/div><\/div><\/div>\n<\/div>","protected":false},"excerpt":{"rendered":"Frozen Action offers a bespoke service to property owners in Grimentz for the supervision and maintenance of their chalet or [...]","protected":false},"author":1,"featured_media":0,"parent":0,"menu_order":0,"comment_status":"closed","ping_status":"closed","template":"","meta":{"footnotes":""},"class_list":["post-101527","page","type-page","status-publish","hentry"],"yoast_head":"<!-- This site is optimized with the Yoast SEO plugin v27.4 - https:\/\/yoast.com\/product\/yoast-seo-wordpress\/ -->\n<title>Property management - Frozen Action<\/title>\n<meta name=\"robots\" content=\"index, follow, max-snippet:-1, max-image-preview:large, max-video-preview:-1\" \/>\n<link rel=\"canonical\" href=\"https:\/\/frozenaction.ch\/fr\/property-management\/\" \/>\n<meta property=\"og:locale\" content=\"fr_FR\" \/>\n<meta property=\"og:type\" content=\"article\" \/>\n<meta property=\"og:title\" content=\"Property management - Frozen Action\" \/>\n<meta property=\"og:url\" content=\"https:\/\/frozenaction.ch\/fr\/property-management\/\" \/>\n<meta property=\"og:site_name\" content=\"Frozen Action\" \/>\n<meta property=\"article:modified_time\" content=\"2021-11-29T08:04:24+00:00\" \/>\n<meta name=\"twitter:card\" content=\"summary_large_image\" \/>\n<meta name=\"twitter:label1\" content=\"Dur\u00e9e de lecture estim\u00e9e\" \/>\n\t<meta name=\"twitter:data1\" content=\"5 minutes\" \/>\n<script type=\"application\/ld+json\" class=\"yoast-schema-graph\">{\"@context\":\"https:\\\/\\\/schema.org\",\"@graph\":[{\"@type\":\"WebPage\",\"@id\":\"https:\\\/\\\/frozenaction.ch\\\/en\\\/property-management\\\/\",\"url\":\"https:\\\/\\\/frozenaction.ch\\\/en\\\/property-management\\\/\",\"name\":\"Property management - Frozen Action\",\"isPartOf\":{\"@id\":\"https:\\\/\\\/frozenaction.ch\\\/en\\\/#website\"},\"datePublished\":\"2021-11-29T07:51:14+00:00\",\"dateModified\":\"2021-11-29T08:04:24+00:00\",\"breadcrumb\":{\"@id\":\"https:\\\/\\\/frozenaction.ch\\\/en\\\/property-management\\\/#breadcrumb\"},\"inLanguage\":\"fr-FR\",\"potentialAction\":[{\"@type\":\"ReadAction\",\"target\":[\"https:\\\/\\\/frozenaction.ch\\\/en\\\/property-management\\\/\"]}]},{\"@type\":\"BreadcrumbList\",\"@id\":\"https:\\\/\\\/frozenaction.ch\\\/en\\\/property-management\\\/#breadcrumb\",\"itemListElement\":[{\"@type\":\"ListItem\",\"position\":1,\"name\":\"Home\",\"item\":\"https:\\\/\\\/frozenaction.ch\\\/en\\\/\"},{\"@type\":\"ListItem\",\"position\":2,\"name\":\"Property management\"}]},{\"@type\":\"WebSite\",\"@id\":\"https:\\\/\\\/frozenaction.ch\\\/en\\\/#website\",\"url\":\"https:\\\/\\\/frozenaction.ch\\\/en\\\/\",\"name\":\"Frozen Action\",\"description\":\"Property Sales I Property Management I Boutique I Val d&#039;Anniviers I Grimentz\",\"potentialAction\":[{\"@type\":\"SearchAction\",\"target\":{\"@type\":\"EntryPoint\",\"urlTemplate\":\"https:\\\/\\\/frozenaction.ch\\\/en\\\/?s={search_term_string}\"},\"query-input\":{\"@type\":\"PropertyValueSpecification\",\"valueRequired\":true,\"valueName\":\"search_term_string\"}}],\"inLanguage\":\"fr-FR\"}]}<\/script>\n<!-- \/ Yoast SEO plugin. -->","yoast_head_json":{"title":"Property management - Frozen Action","robots":{"index":"index","follow":"follow","max-snippet":"max-snippet:-1","max-image-preview":"max-image-preview:large","max-video-preview":"max-video-preview:-1"},"canonical":"https:\/\/frozenaction.ch\/fr\/property-management\/","og_locale":"fr_FR","og_type":"article","og_title":"Property management - Frozen Action","og_url":"https:\/\/frozenaction.ch\/fr\/property-management\/","og_site_name":"Frozen Action","article_modified_time":"2021-11-29T08:04:24+00:00","twitter_card":"summary_large_image","twitter_misc":{"Dur\u00e9e de lecture estim\u00e9e":"5 minutes"},"schema":{"@context":"https:\/\/schema.org","@graph":[{"@type":"WebPage","@id":"https:\/\/frozenaction.ch\/en\/property-management\/","url":"https:\/\/frozenaction.ch\/en\/property-management\/","name":"Property management - Frozen Action","isPartOf":{"@id":"https:\/\/frozenaction.ch\/en\/#website"},"datePublished":"2021-11-29T07:51:14+00:00","dateModified":"2021-11-29T08:04:24+00:00","breadcrumb":{"@id":"https:\/\/frozenaction.ch\/en\/property-management\/#breadcrumb"},"inLanguage":"fr-FR","potentialAction":[{"@type":"ReadAction","target":["https:\/\/frozenaction.ch\/en\/property-management\/"]}]},{"@type":"BreadcrumbList","@id":"https:\/\/frozenaction.ch\/en\/property-management\/#breadcrumb","itemListElement":[{"@type":"ListItem","position":1,"name":"Home","item":"https:\/\/frozenaction.ch\/en\/"},{"@type":"ListItem","position":2,"name":"Property management"}]},{"@type":"WebSite","@id":"https:\/\/frozenaction.ch\/en\/#website","url":"https:\/\/frozenaction.ch\/en\/","name":"Frozen Action","description":"Property Sales I Property Management I Boutique I Val d&#039;Anniviers I Grimentz","potentialAction":[{"@type":"SearchAction","target":{"@type":"EntryPoint","urlTemplate":"https:\/\/frozenaction.ch\/en\/?s={search_term_string}"},"query-input":{"@type":"PropertyValueSpecification","valueRequired":true,"valueName":"search_term_string"}}],"inLanguage":"fr-FR"}]}},"_links":{"self":[{"href":"https:\/\/frozenaction.ch\/fr\/wp-json\/wp\/v2\/pages\/101527","targetHints":{"allow":["GET"]}}],"collection":[{"href":"https:\/\/frozenaction.ch\/fr\/wp-json\/wp\/v2\/pages"}],"about":[{"href":"https:\/\/frozenaction.ch\/fr\/wp-json\/wp\/v2\/types\/page"}],"author":[{"embeddable":true,"href":"https:\/\/frozenaction.ch\/fr\/wp-json\/wp\/v2\/users\/1"}],"replies":[{"embeddable":true,"href":"https:\/\/frozenaction.ch\/fr\/wp-json\/wp\/v2\/comments?post=101527"}],"version-history":[{"count":15,"href":"https:\/\/frozenaction.ch\/fr\/wp-json\/wp\/v2\/pages\/101527\/revisions"}],"predecessor-version":[{"id":101542,"href":"https:\/\/frozenaction.ch\/fr\/wp-json\/wp\/v2\/pages\/101527\/revisions\/101542"}],"wp:attachment":[{"href":"https:\/\/frozenaction.ch\/fr\/wp-json\/wp\/v2\/media?parent=101527"}],"curies":[{"name":"wp","href":"https:\/\/api.w.org\/{rel}","templated":true}]}}